{"id":99,"date":"2026-03-12T21:24:29","date_gmt":"2026-03-12T21:24:29","guid":{"rendered":"https:\/\/ceramiquecharlottewibaux.fr\/?page_id=99"},"modified":"2026-03-14T15:16:44","modified_gmt":"2026-03-14T15:16:44","slug":"a-propos","status":"publish","type":"page","link":"http:\/\/ceramiquecharlottewibaux.fr\/?page_id=99","title":{"rendered":"A propos"},"content":{"rendered":"\n<div class=\"wp-block-columns alignwide is-layout-flex wp-container-core-columns-is-layout-28f84493 wp-block-columns-is-layout-flex\">\n<div class=\"wp-block-column is-layout-flow wp-block-column-is-layout-flow\" style=\"flex-basis:50%\">\n<p><\/p>\n\n\n\n<div class=\"wp-block-group is-vertical is-layout-flex wp-container-core-group-is-layout-fe9cc265 wp-block-group-is-layout-flex\">\n<figure class=\"wp-block-image size-full\"><img loading=\"lazy\" decoding=\"async\" width=\"1000\" height=\"554\" src=\"https:\/\/ceramiquecharlottewibaux.fr\/wp-content\/uploads\/2026\/03\/tournage-porcelaine-18.jpg\" alt=\"\" class=\"wp-image-241\" srcset=\"http:\/\/ceramiquecharlottewibaux.fr\/wp-content\/uploads\/2026\/03\/tournage-porcelaine-18.jpg 1000w, http:\/\/ceramiquecharlottewibaux.fr\/wp-content\/uploads\/2026\/03\/tournage-porcelaine-18-300x166.jpg 300w, http:\/\/ceramiquecharlottewibaux.fr\/wp-content\/uploads\/2026\/03\/tournage-porcelaine-18-768x425.jpg 768w\" sizes=\"auto, (max-width: 1000px) 100vw, 1000px\" \/><\/figure>\n\n\n\n<figure class=\"wp-block-image size-large\"><img loading=\"lazy\" decoding=\"async\" width=\"851\" height=\"1024\" src=\"https:\/\/ceramiquecharlottewibaux.fr\/wp-content\/uploads\/2026\/03\/stand-marche-de-noel-2-7-851x1024.jpg\" alt=\"\" class=\"wp-image-255\" srcset=\"http:\/\/ceramiquecharlottewibaux.fr\/wp-content\/uploads\/2026\/03\/stand-marche-de-noel-2-7-851x1024.jpg 851w, http:\/\/ceramiquecharlottewibaux.fr\/wp-content\/uploads\/2026\/03\/stand-marche-de-noel-2-7-249x300.jpg 249w, http:\/\/ceramiquecharlottewibaux.fr\/wp-content\/uploads\/2026\/03\/stand-marche-de-noel-2-7-768x924.jpg 768w, http:\/\/ceramiquecharlottewibaux.fr\/wp-content\/uploads\/2026\/03\/stand-marche-de-noel-2-7.jpg 1000w\" sizes=\"auto, (max-width: 851px) 100vw, 851px\" \/><\/figure>\n\n\n\n<figure class=\"wp-block-image size-full\"><img loading=\"lazy\" decoding=\"async\" width=\"1000\" height=\"566\" src=\"https:\/\/ceramiquecharlottewibaux.fr\/wp-content\/uploads\/2026\/03\/stand-marche-de-noel-5.jpg\" alt=\"\" class=\"wp-image-245\" srcset=\"http:\/\/ceramiquecharlottewibaux.fr\/wp-content\/uploads\/2026\/03\/stand-marche-de-noel-5.jpg 1000w, http:\/\/ceramiquecharlottewibaux.fr\/wp-content\/uploads\/2026\/03\/stand-marche-de-noel-5-300x170.jpg 300w, http:\/\/ceramiquecharlottewibaux.fr\/wp-content\/uploads\/2026\/03\/stand-marche-de-noel-5-768x435.jpg 768w\" sizes=\"auto, (max-width: 1000px) 100vw, 1000px\" \/><\/figure>\n<\/div>\n<\/div>\n\n\n\n<div class=\"wp-block-column is-vertically-aligned-center is-layout-flow wp-block-column-is-layout-flow\" style=\"flex-basis:50%\">\n<p><strong>Inspiration des lignes et nuances des espaces naturels<\/strong><\/p>\n\n\n\n<p class=\"has-text-align-left\">C\u2019est dans l\u2019observation des lignes qui nous entourent, dans les espaces naturels que se construit mon inspiration. Les lignes des montagnes, que j\u2019aime arpenter. Des vagues et du vent avec lesquelles j\u2019aime glisser. Des courbes de niveaux, aux cartes de fonds marins et des lignes de failles dans les roches dont j\u2019aime aller puiser de l\u2019\u00e9nergie. Les strates de nuages, qui offrent diff\u00e9rents plans de lecture avec des profondeurs color\u00e9es.<\/p>\n\n\n\n<p><strong>D\u00e9cors, mati\u00e8res et techniques&nbsp;:<\/strong><\/p>\n\n\n\n<p>Au travers de recherches et d\u2019exp\u00e9rimentation, je mets au point des couleurs dont les nuances se croisent. C\u2019est la rencontre chimique des \u00e9l\u00e9ments, par les superpositions de jus d\u2019oxydes.<\/p>\n\n\n\n<p>Alli\u00e9s au dessin au crayon c\u00e9ramique, les d\u00e9cors naviguent sur la terre.<\/p>\n\n\n\n<p>Le d\u00e9cor se construit par le croisement des engobes, de terres color\u00e9es, avec un travail de sgrafito grav\u00e9 qui laisse r\u00e9apparaitre la couleur initiale de la porcelaine.<\/p>\n\n\n\n<p><strong>Rapport \u00e0 la terre : porcelaine<\/strong><\/p>\n\n\n\n<p>Rapidement, mes cr\u00e9ations se sont port\u00e9es vers la porcelaine pour sa douceur, sa fa\u00e7on de prendre la lumi\u00e8re. La finesse alli\u00e9e \u00e0 la robustesse prend tout son sens.<\/p>\n\n\n\n<p>Le blanc immacul\u00e9, permet aussi bien de d\u00e9velopper des contrastes dans les nuances de couleurs et de vibrer dans les reliefs des surfaces plus travaill\u00e9es.<\/p>\n\n\n\n<p><strong>Parcours<\/strong><\/p>\n\n\n\n<p>De formation initiale en architecture, la c\u00e9ramique est pour moi en continuit\u00e9. Il s\u2019agit de valoriser un volume, de construire un espace r\u00e9pondant \u00e0 une fonction, en amenant un \u00e9quilibre des proportions, une justesse dans la forme.<\/p>\n\n\n\n<p>C\u2019est par la d\u00e9couverte de la terre, avec les enduits de finition que je suis entr\u00e9e en relation avec la mati\u00e8re.<\/p>\n\n\n\n<p>15 ans de pratique et de recherche amateur sur la c\u00e9ramique m\u2019ont amen\u00e9 \u00e0 me construire ma palette d\u2019outils et de techniques, enrichis par divers moments de formations aupr\u00e8s de professionnels inspirants.<\/p>\n\n\n\n<p><strong>Atelier<\/strong><\/p>\n\n\n\n<p>Actuellement je produis mes c\u00e9ramiques en atelier partag\u00e9. La joie de la force cr\u00e9ative \u00e9tant d\u2019autant plus vive si elle est partag\u00e9e.<\/p>\n\n\n\n<p>J\u2019ai part ailleurs mon atelier ind\u00e9pendant dans lequel je peux \u00e9galement avancer mon petit laboratoire cr\u00e9atif.<\/p>\n<\/div>\n<\/div>\n","protected":false},"excerpt":{"rendered":"<p>Inspiration des lignes et nuances des espaces naturels C\u2019est dans l\u2019observation des lignes qui nous entourent, dans les espaces naturels que se construit mon inspiration. Les lignes des montagnes, que j\u2019aime arpenter. Des vagues et du vent avec lesquelles j\u2019aime glisser. Des courbes de niveaux, aux cartes de fonds marins et des lignes de failles [&hellip;]<\/p>\n","protected":false},"author":1,"featured_media":0,"parent":0,"menu_order":0,"comment_status":"closed","ping_status":"closed","template":"","meta":{"footnotes":""},"class_list":["post-99","page","type-page","status-publish","hentry"],"_links":{"self":[{"href":"http:\/\/ceramiquecharlottewibaux.fr\/index.php?rest_route=\/wp\/v2\/pages\/99","targetHints":{"allow":["GET"]}}],"collection":[{"href":"http:\/\/ceramiquecharlottewibaux.fr\/index.php?rest_route=\/wp\/v2\/pages"}],"about":[{"href":"http:\/\/ceramiquecharlottewibaux.fr\/index.php?rest_route=\/wp\/v2\/types\/page"}],"author":[{"embeddable":true,"href":"http:\/\/ceramiquecharlottewibaux.fr\/index.php?rest_route=\/wp\/v2\/users\/1"}],"replies":[{"embeddable":true,"href":"http:\/\/ceramiquecharlottewibaux.fr\/index.php?rest_route=%2Fwp%2Fv2%2Fcomments&post=99"}],"version-history":[{"count":14,"href":"http:\/\/ceramiquecharlottewibaux.fr\/index.php?rest_route=\/wp\/v2\/pages\/99\/revisions"}],"predecessor-version":[{"id":272,"href":"http:\/\/ceramiquecharlottewibaux.fr\/index.php?rest_route=\/wp\/v2\/pages\/99\/revisions\/272"}],"wp:attachment":[{"href":"http:\/\/ceramiquecharlottewibaux.fr\/index.php?rest_route=%2Fwp%2Fv2%2Fmedia&parent=99"}],"curies":[{"name":"wp","href":"https:\/\/api.w.org\/{rel}","templated":true}]}}