{"id":138,"date":"2026-03-12T21:40:40","date_gmt":"2026-03-12T21:40:40","guid":{"rendered":"https:\/\/ceramiquecharlottewibaux.fr\/?page_id=138"},"modified":"2026-03-12T21:40:59","modified_gmt":"2026-03-12T21:40:59","slug":"sepia","status":"publish","type":"page","link":"http:\/\/ceramiquecharlottewibaux.fr\/?page_id=138","title":{"rendered":"S\u00e9pia"},"content":{"rendered":"\n<p>S\u00e9pia<\/p>\n\n\n\n<figure class=\"wp-block-gallery alignwide has-nested-images columns-default is-cropped wp-block-gallery-1 is-layout-flex wp-block-gallery-is-layout-flex\">\n<figure class=\"wp-block-image size-large\"><img loading=\"lazy\" decoding=\"async\" width=\"1024\" height=\"575\" data-id=\"141\" src=\"https:\/\/ceramiquecharlottewibaux.fr\/wp-content\/uploads\/2026\/03\/01-SEPIA-SGRAFITO-SUR-ENGOBE-OCRE-1-1024x575.jpg\" alt=\"\" class=\"wp-image-141\" srcset=\"http:\/\/ceramiquecharlottewibaux.fr\/wp-content\/uploads\/2026\/03\/01-SEPIA-SGRAFITO-SUR-ENGOBE-OCRE-1-1024x575.jpg 1024w, http:\/\/ceramiquecharlottewibaux.fr\/wp-content\/uploads\/2026\/03\/01-SEPIA-SGRAFITO-SUR-ENGOBE-OCRE-1-300x168.jpg 300w, http:\/\/ceramiquecharlottewibaux.fr\/wp-content\/uploads\/2026\/03\/01-SEPIA-SGRAFITO-SUR-ENGOBE-OCRE-1-768x431.jpg 768w, http:\/\/ceramiquecharlottewibaux.fr\/wp-content\/uploads\/2026\/03\/01-SEPIA-SGRAFITO-SUR-ENGOBE-OCRE-1-1536x862.jpg 1536w, http:\/\/ceramiquecharlottewibaux.fr\/wp-content\/uploads\/2026\/03\/01-SEPIA-SGRAFITO-SUR-ENGOBE-OCRE-1.jpg 1772w\" sizes=\"auto, (max-width: 1024px) 100vw, 1024px\" \/><\/figure>\n\n\n\n<figure class=\"wp-block-image size-large\"><img loading=\"lazy\" decoding=\"async\" width=\"1024\" height=\"683\" data-id=\"140\" src=\"https:\/\/ceramiquecharlottewibaux.fr\/wp-content\/uploads\/2026\/03\/012_ceramique_2025_hd-1024x683.jpg\" alt=\"\" class=\"wp-image-140\" srcset=\"http:\/\/ceramiquecharlottewibaux.fr\/wp-content\/uploads\/2026\/03\/012_ceramique_2025_hd-1024x683.jpg 1024w, http:\/\/ceramiquecharlottewibaux.fr\/wp-content\/uploads\/2026\/03\/012_ceramique_2025_hd-300x200.jpg 300w, http:\/\/ceramiquecharlottewibaux.fr\/wp-content\/uploads\/2026\/03\/012_ceramique_2025_hd-768x512.jpg 768w, http:\/\/ceramiquecharlottewibaux.fr\/wp-content\/uploads\/2026\/03\/012_ceramique_2025_hd.jpg 1200w\" sizes=\"auto, (max-width: 1024px) 100vw, 1024px\" \/><\/figure>\n\n\n\n<figure class=\"wp-block-image size-large\"><img loading=\"lazy\" decoding=\"async\" width=\"243\" height=\"326\" data-id=\"139\" src=\"https:\/\/ceramiquecharlottewibaux.fr\/wp-content\/uploads\/2026\/03\/12.jpg\" alt=\"\" class=\"wp-image-139\" srcset=\"http:\/\/ceramiquecharlottewibaux.fr\/wp-content\/uploads\/2026\/03\/12.jpg 243w, http:\/\/ceramiquecharlottewibaux.fr\/wp-content\/uploads\/2026\/03\/12-224x300.jpg 224w\" sizes=\"auto, (max-width: 243px) 100vw, 243px\" \/><\/figure>\n<\/figure>\n\n\n\n<p class=\"has-text-align-center\">D\u00e9cor engobe terre ocre sgrafit\u00e9 et crayon c\u00e9ramique<\/p>\n","protected":false},"excerpt":{"rendered":"<p>S\u00e9pia D\u00e9cor engobe terre ocre sgrafit\u00e9 et crayon c\u00e9ramique<\/p>\n","protected":false},"author":1,"featured_media":0,"parent":0,"menu_order":0,"comment_status":"closed","ping_status":"closed","template":"","meta":{"footnotes":""},"class_list":["post-138","page","type-page","status-publish","hentry"],"_links":{"self":[{"href":"http:\/\/ceramiquecharlottewibaux.fr\/index.php?rest_route=\/wp\/v2\/pages\/138","targetHints":{"allow":["GET"]}}],"collection":[{"href":"http:\/\/ceramiquecharlottewibaux.fr\/index.php?rest_route=\/wp\/v2\/pages"}],"about":[{"href":"http:\/\/ceramiquecharlottewibaux.fr\/index.php?rest_route=\/wp\/v2\/types\/page"}],"author":[{"embeddable":true,"href":"http:\/\/ceramiquecharlottewibaux.fr\/index.php?rest_route=\/wp\/v2\/users\/1"}],"replies":[{"embeddable":true,"href":"http:\/\/ceramiquecharlottewibaux.fr\/index.php?rest_route=%2Fwp%2Fv2%2Fcomments&post=138"}],"version-history":[{"count":2,"href":"http:\/\/ceramiquecharlottewibaux.fr\/index.php?rest_route=\/wp\/v2\/pages\/138\/revisions"}],"predecessor-version":[{"id":143,"href":"http:\/\/ceramiquecharlottewibaux.fr\/index.php?rest_route=\/wp\/v2\/pages\/138\/revisions\/143"}],"wp:attachment":[{"href":"http:\/\/ceramiquecharlottewibaux.fr\/index.php?rest_route=%2Fwp%2Fv2%2Fmedia&parent=138"}],"curies":[{"name":"wp","href":"https:\/\/api.w.org\/{rel}","templated":true}]}}