{"id":122,"date":"2026-03-12T21:35:03","date_gmt":"2026-03-12T21:35:03","guid":{"rendered":"https:\/\/ceramiquecharlottewibaux.fr\/?page_id=122"},"modified":"2026-03-14T14:38:53","modified_gmt":"2026-03-14T14:38:53","slug":"ondes","status":"publish","type":"page","link":"http:\/\/ceramiquecharlottewibaux.fr\/?page_id=122","title":{"rendered":"Ondes"},"content":{"rendered":"\n<p class=\"has-large-font-size\">Ondes<\/p>\n\n\n\n<figure class=\"wp-block-gallery alignwide has-nested-images columns-default is-cropped wp-block-gallery-1 is-layout-flex wp-block-gallery-is-layout-flex\">\n<figure class=\"wp-block-image size-large\"><img loading=\"lazy\" decoding=\"async\" width=\"1024\" height=\"683\" data-id=\"123\" src=\"https:\/\/ceramiquecharlottewibaux.fr\/wp-content\/uploads\/2026\/03\/009_ceramique_2025_hd-1024x683.jpg\" alt=\"\" class=\"wp-image-123\" srcset=\"http:\/\/ceramiquecharlottewibaux.fr\/wp-content\/uploads\/2026\/03\/009_ceramique_2025_hd-1024x683.jpg 1024w, http:\/\/ceramiquecharlottewibaux.fr\/wp-content\/uploads\/2026\/03\/009_ceramique_2025_hd-300x200.jpg 300w, http:\/\/ceramiquecharlottewibaux.fr\/wp-content\/uploads\/2026\/03\/009_ceramique_2025_hd-768x512.jpg 768w, http:\/\/ceramiquecharlottewibaux.fr\/wp-content\/uploads\/2026\/03\/009_ceramique_2025_hd.jpg 1200w\" sizes=\"auto, (max-width: 1024px) 100vw, 1024px\" \/><\/figure>\n\n\n\n<figure class=\"wp-block-image size-large\"><img loading=\"lazy\" decoding=\"async\" width=\"389\" height=\"354\" data-id=\"124\" src=\"https:\/\/ceramiquecharlottewibaux.fr\/wp-content\/uploads\/2026\/03\/10.jpg\" alt=\"\" class=\"wp-image-124\" srcset=\"http:\/\/ceramiquecharlottewibaux.fr\/wp-content\/uploads\/2026\/03\/10.jpg 389w, http:\/\/ceramiquecharlottewibaux.fr\/wp-content\/uploads\/2026\/03\/10-300x273.jpg 300w\" sizes=\"auto, (max-width: 389px) 100vw, 389px\" \/><\/figure>\n\n\n\n<figure class=\"wp-block-image size-large\"><img loading=\"lazy\" decoding=\"async\" width=\"1024\" height=\"683\" data-id=\"126\" src=\"https:\/\/ceramiquecharlottewibaux.fr\/wp-content\/uploads\/2026\/03\/018_ceramique_2025_hd-2-1024x683.jpg\" alt=\"\" class=\"wp-image-126\" srcset=\"http:\/\/ceramiquecharlottewibaux.fr\/wp-content\/uploads\/2026\/03\/018_ceramique_2025_hd-2-1024x683.jpg 1024w, http:\/\/ceramiquecharlottewibaux.fr\/wp-content\/uploads\/2026\/03\/018_ceramique_2025_hd-2-300x200.jpg 300w, http:\/\/ceramiquecharlottewibaux.fr\/wp-content\/uploads\/2026\/03\/018_ceramique_2025_hd-2-768x512.jpg 768w, http:\/\/ceramiquecharlottewibaux.fr\/wp-content\/uploads\/2026\/03\/018_ceramique_2025_hd-2.jpg 1200w\" sizes=\"auto, (max-width: 1024px) 100vw, 1024px\" \/><\/figure>\n\n\n\n<figure class=\"wp-block-image size-large\"><img loading=\"lazy\" decoding=\"async\" width=\"1024\" height=\"683\" data-id=\"125\" src=\"https:\/\/ceramiquecharlottewibaux.fr\/wp-content\/uploads\/2026\/03\/019_ceramique_2025_hd-1024x683.jpg\" alt=\"\" class=\"wp-image-125\" srcset=\"http:\/\/ceramiquecharlottewibaux.fr\/wp-content\/uploads\/2026\/03\/019_ceramique_2025_hd-1024x683.jpg 1024w, http:\/\/ceramiquecharlottewibaux.fr\/wp-content\/uploads\/2026\/03\/019_ceramique_2025_hd-300x200.jpg 300w, http:\/\/ceramiquecharlottewibaux.fr\/wp-content\/uploads\/2026\/03\/019_ceramique_2025_hd-768x512.jpg 768w, http:\/\/ceramiquecharlottewibaux.fr\/wp-content\/uploads\/2026\/03\/019_ceramique_2025_hd.jpg 1200w\" sizes=\"auto, (max-width: 1024px) 100vw, 1024px\" \/><\/figure>\n\n\n\n<figure class=\"wp-block-image size-large\"><img loading=\"lazy\" decoding=\"async\" width=\"1024\" height=\"683\" data-id=\"127\" src=\"https:\/\/ceramiquecharlottewibaux.fr\/wp-content\/uploads\/2026\/03\/020_ceramique_2025_hd-1024x683.jpg\" alt=\"\" class=\"wp-image-127\" srcset=\"http:\/\/ceramiquecharlottewibaux.fr\/wp-content\/uploads\/2026\/03\/020_ceramique_2025_hd-1024x683.jpg 1024w, http:\/\/ceramiquecharlottewibaux.fr\/wp-content\/uploads\/2026\/03\/020_ceramique_2025_hd-300x200.jpg 300w, http:\/\/ceramiquecharlottewibaux.fr\/wp-content\/uploads\/2026\/03\/020_ceramique_2025_hd-768x512.jpg 768w, http:\/\/ceramiquecharlottewibaux.fr\/wp-content\/uploads\/2026\/03\/020_ceramique_2025_hd.jpg 1200w\" sizes=\"auto, (max-width: 1024px) 100vw, 1024px\" \/><\/figure>\n<\/figure>\n\n\n\n<p style=\"font-size:clamp(1.092rem, 1.092rem + ((1vw - 0.2rem) * 0.869), 1.7rem);\">D\u00e9cors au crayon c\u00e9ramique avec touches d&rsquo;\u00e9maux color\u00e9s<\/p>\n","protected":false},"excerpt":{"rendered":"<p>Ondes D\u00e9cors au crayon c\u00e9ramique avec touches d&rsquo;\u00e9maux color\u00e9s<\/p>\n","protected":false},"author":1,"featured_media":0,"parent":0,"menu_order":0,"comment_status":"closed","ping_status":"closed","template":"","meta":{"footnotes":""},"class_list":["post-122","page","type-page","status-publish","hentry"],"_links":{"self":[{"href":"http:\/\/ceramiquecharlottewibaux.fr\/index.php?rest_route=\/wp\/v2\/pages\/122","targetHints":{"allow":["GET"]}}],"collection":[{"href":"http:\/\/ceramiquecharlottewibaux.fr\/index.php?rest_route=\/wp\/v2\/pages"}],"about":[{"href":"http:\/\/ceramiquecharlottewibaux.fr\/index.php?rest_route=\/wp\/v2\/types\/page"}],"author":[{"embeddable":true,"href":"http:\/\/ceramiquecharlottewibaux.fr\/index.php?rest_route=\/wp\/v2\/users\/1"}],"replies":[{"embeddable":true,"href":"http:\/\/ceramiquecharlottewibaux.fr\/index.php?rest_route=%2Fwp%2Fv2%2Fcomments&post=122"}],"version-history":[{"count":3,"href":"http:\/\/ceramiquecharlottewibaux.fr\/index.php?rest_route=\/wp\/v2\/pages\/122\/revisions"}],"predecessor-version":[{"id":217,"href":"http:\/\/ceramiquecharlottewibaux.fr\/index.php?rest_route=\/wp\/v2\/pages\/122\/revisions\/217"}],"wp:attachment":[{"href":"http:\/\/ceramiquecharlottewibaux.fr\/index.php?rest_route=%2Fwp%2Fv2%2Fmedia&parent=122"}],"curies":[{"name":"wp","href":"https:\/\/api.w.org\/{rel}","templated":true}]}}