{"id":103,"date":"2026-03-12T21:27:31","date_gmt":"2026-03-12T21:27:31","guid":{"rendered":"https:\/\/ceramiquecharlottewibaux.fr\/?page_id=103"},"modified":"2026-03-14T14:35:28","modified_gmt":"2026-03-14T14:35:28","slug":"embruns","status":"publish","type":"page","link":"http:\/\/ceramiquecharlottewibaux.fr\/?page_id=103","title":{"rendered":"Embruns"},"content":{"rendered":"\n<p class=\"has-custom-color-4-color has-text-color has-link-color has-large-font-size wp-elements-28131600d5d25b5e0a57add65fcf3a0a\">Embruns<\/p>\n\n\n\n<figure class=\"wp-block-gallery alignwide has-nested-images columns-default is-cropped wp-block-gallery-1 is-layout-flex wp-block-gallery-is-layout-flex\">\n<figure class=\"wp-block-image size-large\"><img loading=\"lazy\" decoding=\"async\" width=\"1024\" height=\"519\" data-id=\"109\" src=\"https:\/\/ceramiquecharlottewibaux.fr\/wp-content\/uploads\/2026\/03\/1-embrums-porcelaine-sgrafito-2-4-1024x519.jpg\" alt=\"\" class=\"wp-image-109\" srcset=\"http:\/\/ceramiquecharlottewibaux.fr\/wp-content\/uploads\/2026\/03\/1-embrums-porcelaine-sgrafito-2-4-1024x519.jpg 1024w, http:\/\/ceramiquecharlottewibaux.fr\/wp-content\/uploads\/2026\/03\/1-embrums-porcelaine-sgrafito-2-4-300x152.jpg 300w, http:\/\/ceramiquecharlottewibaux.fr\/wp-content\/uploads\/2026\/03\/1-embrums-porcelaine-sgrafito-2-4-768x389.jpg 768w, http:\/\/ceramiquecharlottewibaux.fr\/wp-content\/uploads\/2026\/03\/1-embrums-porcelaine-sgrafito-2-4-1536x778.jpg 1536w, http:\/\/ceramiquecharlottewibaux.fr\/wp-content\/uploads\/2026\/03\/1-embrums-porcelaine-sgrafito-2-4.jpg 1772w\" sizes=\"auto, (max-width: 1024px) 100vw, 1024px\" \/><\/figure>\n\n\n\n<figure class=\"wp-block-image size-large\"><img loading=\"lazy\" decoding=\"async\" width=\"1024\" height=\"683\" data-id=\"106\" src=\"https:\/\/ceramiquecharlottewibaux.fr\/wp-content\/uploads\/2026\/03\/2-tasses-porcelaine-sgraphito-1024x683.jpg\" alt=\"\" class=\"wp-image-106\" srcset=\"http:\/\/ceramiquecharlottewibaux.fr\/wp-content\/uploads\/2026\/03\/2-tasses-porcelaine-sgraphito-1024x683.jpg 1024w, http:\/\/ceramiquecharlottewibaux.fr\/wp-content\/uploads\/2026\/03\/2-tasses-porcelaine-sgraphito-300x200.jpg 300w, http:\/\/ceramiquecharlottewibaux.fr\/wp-content\/uploads\/2026\/03\/2-tasses-porcelaine-sgraphito-768x512.jpg 768w, http:\/\/ceramiquecharlottewibaux.fr\/wp-content\/uploads\/2026\/03\/2-tasses-porcelaine-sgraphito.jpg 1200w\" sizes=\"auto, (max-width: 1024px) 100vw, 1024px\" \/><\/figure>\n\n\n\n<figure class=\"wp-block-image size-large\"><img loading=\"lazy\" decoding=\"async\" width=\"228\" height=\"216\" data-id=\"104\" src=\"https:\/\/ceramiquecharlottewibaux.fr\/wp-content\/uploads\/2026\/03\/3-tasse-cafe-porcelaine-srgaphito-1.jpg\" alt=\"\" class=\"wp-image-104\"\/><\/figure>\n\n\n\n<figure class=\"wp-block-image size-large\"><img loading=\"lazy\" decoding=\"async\" width=\"294\" height=\"282\" data-id=\"105\" src=\"https:\/\/ceramiquecharlottewibaux.fr\/wp-content\/uploads\/2026\/03\/4-bol-porcelaine-sgraphito.jpg\" alt=\"\" class=\"wp-image-105\"\/><\/figure>\n\n\n\n<figure class=\"wp-block-image size-large\"><img loading=\"lazy\" decoding=\"async\" width=\"1024\" height=\"683\" data-id=\"107\" src=\"https:\/\/ceramiquecharlottewibaux.fr\/wp-content\/uploads\/2026\/03\/4-bols-porcelaine-sgraphito-1024x683.jpg\" alt=\"\" class=\"wp-image-107\" srcset=\"http:\/\/ceramiquecharlottewibaux.fr\/wp-content\/uploads\/2026\/03\/4-bols-porcelaine-sgraphito-1024x683.jpg 1024w, http:\/\/ceramiquecharlottewibaux.fr\/wp-content\/uploads\/2026\/03\/4-bols-porcelaine-sgraphito-300x200.jpg 300w, http:\/\/ceramiquecharlottewibaux.fr\/wp-content\/uploads\/2026\/03\/4-bols-porcelaine-sgraphito-768x512.jpg 768w, http:\/\/ceramiquecharlottewibaux.fr\/wp-content\/uploads\/2026\/03\/4-bols-porcelaine-sgraphito.jpg 1200w\" sizes=\"auto, (max-width: 1024px) 100vw, 1024px\" \/><\/figure>\n\n\n\n<figure class=\"wp-block-image size-large\"><img loading=\"lazy\" decoding=\"async\" width=\"819\" height=\"1024\" data-id=\"108\" src=\"https:\/\/ceramiquecharlottewibaux.fr\/wp-content\/uploads\/2026\/03\/5-assiette-porcelaine-sgraphito-1-819x1024.jpg\" alt=\"\" class=\"wp-image-108\" srcset=\"http:\/\/ceramiquecharlottewibaux.fr\/wp-content\/uploads\/2026\/03\/5-assiette-porcelaine-sgraphito-1-819x1024.jpg 819w, http:\/\/ceramiquecharlottewibaux.fr\/wp-content\/uploads\/2026\/03\/5-assiette-porcelaine-sgraphito-1-240x300.jpg 240w, http:\/\/ceramiquecharlottewibaux.fr\/wp-content\/uploads\/2026\/03\/5-assiette-porcelaine-sgraphito-1-768x960.jpg 768w, http:\/\/ceramiquecharlottewibaux.fr\/wp-content\/uploads\/2026\/03\/5-assiette-porcelaine-sgraphito-1.jpg 1080w\" sizes=\"auto, (max-width: 819px) 100vw, 819px\" \/><\/figure>\n<\/figure>\n\n\n\n<p class=\"has-text-align-center\" style=\"font-size:clamp(1.092em, 1.092rem + ((1vw - 0.2em) * 0.869), 1.7em);\">D\u00e9cor engobe color\u00e9s engrav\u00e9s : sgraphito<\/p>\n","protected":false},"excerpt":{"rendered":"<p>Embruns D\u00e9cor engobe color\u00e9s engrav\u00e9s : sgraphito<\/p>\n","protected":false},"author":1,"featured_media":0,"parent":0,"menu_order":0,"comment_status":"closed","ping_status":"closed","template":"","meta":{"footnotes":""},"class_list":["post-103","page","type-page","status-publish","hentry"],"_links":{"self":[{"href":"http:\/\/ceramiquecharlottewibaux.fr\/index.php?rest_route=\/wp\/v2\/pages\/103","targetHints":{"allow":["GET"]}}],"collection":[{"href":"http:\/\/ceramiquecharlottewibaux.fr\/index.php?rest_route=\/wp\/v2\/pages"}],"about":[{"href":"http:\/\/ceramiquecharlottewibaux.fr\/index.php?rest_route=\/wp\/v2\/types\/page"}],"author":[{"embeddable":true,"href":"http:\/\/ceramiquecharlottewibaux.fr\/index.php?rest_route=\/wp\/v2\/users\/1"}],"replies":[{"embeddable":true,"href":"http:\/\/ceramiquecharlottewibaux.fr\/index.php?rest_route=%2Fwp%2Fv2%2Fcomments&post=103"}],"version-history":[{"count":7,"href":"http:\/\/ceramiquecharlottewibaux.fr\/index.php?rest_route=\/wp\/v2\/pages\/103\/revisions"}],"predecessor-version":[{"id":213,"href":"http:\/\/ceramiquecharlottewibaux.fr\/index.php?rest_route=\/wp\/v2\/pages\/103\/revisions\/213"}],"wp:attachment":[{"href":"http:\/\/ceramiquecharlottewibaux.fr\/index.php?rest_route=%2Fwp%2Fv2%2Fmedia&parent=103"}],"curies":[{"name":"wp","href":"https:\/\/api.w.org\/{rel}","templated":true}]}}