{"id":10,"date":"2026-03-12T09:42:32","date_gmt":"2026-03-12T09:42:32","guid":{"rendered":"http:\/\/ceramiquecharlottewibaux.fr\/?page_id=10"},"modified":"2026-03-26T14:34:12","modified_gmt":"2026-03-26T14:34:12","slug":"accueil","status":"publish","type":"page","link":"http:\/\/ceramiquecharlottewibaux.fr\/","title":{"rendered":"Accueil"},"content":{"rendered":"\n<div class=\"wp-block-group alignwide has-global-padding is-layout-constrained wp-container-core-group-is-layout-19e250f3 wp-block-group-is-layout-constrained\">\n<figure class=\"wp-block-image alignfull size-full\"><img loading=\"lazy\" decoding=\"async\" width=\"2560\" height=\"1241\" src=\"https:\/\/ceramiquecharlottewibaux.fr\/wp-content\/uploads\/2026\/03\/1-cimes-jus-doxydes-2-scaled.jpg\" alt=\"\" class=\"wp-image-79\" srcset=\"http:\/\/ceramiquecharlottewibaux.fr\/wp-content\/uploads\/2026\/03\/1-cimes-jus-doxydes-2-scaled.jpg 2560w, http:\/\/ceramiquecharlottewibaux.fr\/wp-content\/uploads\/2026\/03\/1-cimes-jus-doxydes-2-300x145.jpg 300w, http:\/\/ceramiquecharlottewibaux.fr\/wp-content\/uploads\/2026\/03\/1-cimes-jus-doxydes-2-1024x497.jpg 1024w, http:\/\/ceramiquecharlottewibaux.fr\/wp-content\/uploads\/2026\/03\/1-cimes-jus-doxydes-2-768x372.jpg 768w, http:\/\/ceramiquecharlottewibaux.fr\/wp-content\/uploads\/2026\/03\/1-cimes-jus-doxydes-2-1536x745.jpg 1536w, http:\/\/ceramiquecharlottewibaux.fr\/wp-content\/uploads\/2026\/03\/1-cimes-jus-doxydes-2-2048x993.jpg 2048w\" sizes=\"auto, (max-width: 2560px) 100vw, 2560px\" \/><\/figure>\n\n\n\n<figure class=\"wp-block-image alignfull size-full\"><img loading=\"lazy\" decoding=\"async\" width=\"1772\" height=\"995\" src=\"https:\/\/ceramiquecharlottewibaux.fr\/wp-content\/uploads\/2026\/03\/01-SEPIA-SGRAFITO-SUR-ENGOBE-OCRE.jpg\" alt=\"\" class=\"wp-image-71\" srcset=\"http:\/\/ceramiquecharlottewibaux.fr\/wp-content\/uploads\/2026\/03\/01-SEPIA-SGRAFITO-SUR-ENGOBE-OCRE.jpg 1772w, http:\/\/ceramiquecharlottewibaux.fr\/wp-content\/uploads\/2026\/03\/01-SEPIA-SGRAFITO-SUR-ENGOBE-OCRE-300x168.jpg 300w, http:\/\/ceramiquecharlottewibaux.fr\/wp-content\/uploads\/2026\/03\/01-SEPIA-SGRAFITO-SUR-ENGOBE-OCRE-1024x575.jpg 1024w, http:\/\/ceramiquecharlottewibaux.fr\/wp-content\/uploads\/2026\/03\/01-SEPIA-SGRAFITO-SUR-ENGOBE-OCRE-768x431.jpg 768w, http:\/\/ceramiquecharlottewibaux.fr\/wp-content\/uploads\/2026\/03\/01-SEPIA-SGRAFITO-SUR-ENGOBE-OCRE-1536x862.jpg 1536w\" sizes=\"auto, (max-width: 1772px) 100vw, 1772px\" \/><\/figure>\n\n\n\n<figure class=\"wp-block-image alignfull size-large\"><img loading=\"lazy\" decoding=\"async\" width=\"1024\" height=\"519\" src=\"http:\/\/ceramiquecharlottewibaux.fr\/wp-content\/uploads\/2026\/03\/1-embrums-porcelaine-sgrafito-2-3-1024x519.jpg\" alt=\"\" class=\"wp-image-69\" srcset=\"http:\/\/ceramiquecharlottewibaux.fr\/wp-content\/uploads\/2026\/03\/1-embrums-porcelaine-sgrafito-2-3-1024x519.jpg 1024w, http:\/\/ceramiquecharlottewibaux.fr\/wp-content\/uploads\/2026\/03\/1-embrums-porcelaine-sgrafito-2-3-300x152.jpg 300w, http:\/\/ceramiquecharlottewibaux.fr\/wp-content\/uploads\/2026\/03\/1-embrums-porcelaine-sgrafito-2-3-768x389.jpg 768w, http:\/\/ceramiquecharlottewibaux.fr\/wp-content\/uploads\/2026\/03\/1-embrums-porcelaine-sgrafito-2-3-1536x778.jpg 1536w, http:\/\/ceramiquecharlottewibaux.fr\/wp-content\/uploads\/2026\/03\/1-embrums-porcelaine-sgrafito-2-3.jpg 1772w\" sizes=\"auto, (max-width: 1024px) 100vw, 1024px\" \/><\/figure>\n\n\n\n<figure class=\"wp-block-image alignfull size-large\"><img loading=\"lazy\" decoding=\"async\" width=\"1024\" height=\"567\" src=\"http:\/\/ceramiquecharlottewibaux.fr\/wp-content\/uploads\/2026\/03\/tournage-porcelaine-1024x567.jpg\" alt=\"\" class=\"wp-image-73\" srcset=\"http:\/\/ceramiquecharlottewibaux.fr\/wp-content\/uploads\/2026\/03\/tournage-porcelaine-1024x567.jpg 1024w, http:\/\/ceramiquecharlottewibaux.fr\/wp-content\/uploads\/2026\/03\/tournage-porcelaine-300x166.jpg 300w, http:\/\/ceramiquecharlottewibaux.fr\/wp-content\/uploads\/2026\/03\/tournage-porcelaine-768x425.jpg 768w, http:\/\/ceramiquecharlottewibaux.fr\/wp-content\/uploads\/2026\/03\/tournage-porcelaine-1536x850.jpg 1536w, http:\/\/ceramiquecharlottewibaux.fr\/wp-content\/uploads\/2026\/03\/tournage-porcelaine.jpg 1772w\" sizes=\"auto, (max-width: 1024px) 100vw, 1024px\" \/><\/figure>\n<\/div>\n\n\n\n<p class=\"has-text-align-center\">Cr\u00e9ation de petites s\u00e9ries et d\u2019objets uniques pour embellir notre quotidien<\/p>\n\n\n\n<p class=\"has-text-align-center\">Pour toute commande n&rsquo;h\u00e9sitez pas \u00e0 me contacter &#8211; d\u00e9lai 6 \u00e0 8 semaines\u00a0<\/p>\n","protected":false},"excerpt":{"rendered":"<p>Cr\u00e9ation de petites s\u00e9ries et d\u2019objets uniques pour embellir notre quotidien Pour toute commande n&rsquo;h\u00e9sitez pas \u00e0 me contacter &#8211; d\u00e9lai 6 \u00e0 8 semaines\u00a0<\/p>\n","protected":false},"author":1,"featured_media":0,"parent":0,"menu_order":0,"comment_status":"closed","ping_status":"closed","template":"","meta":{"footnotes":""},"class_list":["post-10","page","type-page","status-publish","hentry"],"_links":{"self":[{"href":"http:\/\/ceramiquecharlottewibaux.fr\/index.php?rest_route=\/wp\/v2\/pages\/10","targetHints":{"allow":["GET"]}}],"collection":[{"href":"http:\/\/ceramiquecharlottewibaux.fr\/index.php?rest_route=\/wp\/v2\/pages"}],"about":[{"href":"http:\/\/ceramiquecharlottewibaux.fr\/index.php?rest_route=\/wp\/v2\/types\/page"}],"author":[{"embeddable":true,"href":"http:\/\/ceramiquecharlottewibaux.fr\/index.php?rest_route=\/wp\/v2\/users\/1"}],"replies":[{"embeddable":true,"href":"http:\/\/ceramiquecharlottewibaux.fr\/index.php?rest_route=%2Fwp%2Fv2%2Fcomments&post=10"}],"version-history":[{"count":14,"href":"http:\/\/ceramiquecharlottewibaux.fr\/index.php?rest_route=\/wp\/v2\/pages\/10\/revisions"}],"predecessor-version":[{"id":274,"href":"http:\/\/ceramiquecharlottewibaux.fr\/index.php?rest_route=\/wp\/v2\/pages\/10\/revisions\/274"}],"wp:attachment":[{"href":"http:\/\/ceramiquecharlottewibaux.fr\/index.php?rest_route=%2Fwp%2Fv2%2Fmedia&parent=10"}],"curies":[{"name":"wp","href":"https:\/\/api.w.org\/{rel}","templated":true}]}}